{"id":74,"date":"2016-09-09T15:47:03","date_gmt":"2016-09-09T15:47:03","guid":{"rendered":"https:\/\/e-lector.dk\/?page_id=74"},"modified":"2026-01-18T11:34:39","modified_gmt":"2026-01-18T10:34:39","slug":"univers","status":"publish","type":"page","link":"https:\/\/e-lector.dk\/univers\/","title":{"rendered":"Mit univers!"},"content":{"rendered":"\n<p>M\u00e5 jeg starte med at pr\u00e6sentere mig selv: Jens Mikael Barfred. P\u00e5 sitet &#8216;e-lector.dk&#8217; ser du en beskrivelse af mit univers. Her kan du l\u00e6se om hvad dagligdagen indeholder. Her er lidt (og det bliver mindre og mindre) om mit tidligere arbejdsliv, hus og have, familie, interesser og ture rundt i verden. Det er klart at familie og interesser fylder mere og mere proportionalt med l\u00e6ngden af pensionisttilv\u00e6relsen. Her er ogs\u00e5 et link til sl\u00e6gtsregisteret.<\/p>\n\n\n\n<div class=\"wp-block-columns is-layout-flex wp-container-core-columns-is-layout-28f84493 wp-block-columns-is-layout-flex\">\n<div class=\"wp-block-column is-layout-flow wp-block-column-is-layout-flow\">\n<figure class=\"wp-block-image size-large is-resized is-style-rounded is-style-rounded--1\"><a href=\"https:\/\/e-lector.dk\/wp-content\/uploads\/2025\/03\/jb13.png\"><img loading=\"lazy\" decoding=\"async\" width=\"820\" height=\"1024\" src=\"https:\/\/e-lector.dk\/wp-content\/uploads\/2025\/03\/jb13-820x1024.png\" alt=\"\" class=\"wp-image-1767\" style=\"aspect-ratio:0.8007747417527491;width:271px;height:auto\" srcset=\"https:\/\/e-lector.dk\/wp-content\/uploads\/2025\/03\/jb13-820x1024.png 820w, https:\/\/e-lector.dk\/wp-content\/uploads\/2025\/03\/jb13-240x300.png 240w, https:\/\/e-lector.dk\/wp-content\/uploads\/2025\/03\/jb13-768x960.png 768w, https:\/\/e-lector.dk\/wp-content\/uploads\/2025\/03\/jb13-1229x1536.png 1229w, https:\/\/e-lector.dk\/wp-content\/uploads\/2025\/03\/jb13-624x780.png 624w, https:\/\/e-lector.dk\/wp-content\/uploads\/2025\/03\/jb13.png 1391w\" sizes=\"auto, (max-width: 820px) 100vw, 820px\" \/><\/a><figcaption class=\"wp-element-caption\">Nyklippet og ny jakke<\/figcaption><\/figure>\n<\/div>\n\n\n\n<div class=\"wp-block-column is-layout-flow wp-block-column-is-layout-flow\">\n<p>Her ser du en liste over kategorier p\u00e5 sitet. De g\u00e5r ud fra menuen i toppen. Men her kan du se det hele.<\/p>\n\n\n<div class=\"wp-block-categories-dropdown wp-block-categories\"><label class=\"wp-block-categories__label\" for=\"wp-block-categories-1\">Kategorier<\/label><select  name='category_name' id='wp-block-categories-1' class='postform'>\n\t<option value='-1'>V\u00e6lg Kategori<\/option>\n\t<option class=\"level-0\" value=\"arbejdsliv\">Arbejdsliv<\/option>\n\t<option class=\"level-0\" value=\"familieliv\">Familieliv<\/option>\n\t<option class=\"level-1\" value=\"2018\">&nbsp;&nbsp;&nbsp;2018<\/option>\n\t<option class=\"level-1\" value=\"2019-familieliv\">&nbsp;&nbsp;&nbsp;2019<\/option>\n\t<option class=\"level-1\" value=\"2020-familieliv\">&nbsp;&nbsp;&nbsp;2020<\/option>\n\t<option class=\"level-1\" value=\"2021-familieliv\">&nbsp;&nbsp;&nbsp;2021<\/option>\n\t<option class=\"level-1\" value=\"2022\">&nbsp;&nbsp;&nbsp;2022<\/option>\n\t<option class=\"level-1\" value=\"aaret-2023\">&nbsp;&nbsp;&nbsp;2023<\/option>\n\t<option class=\"level-1\" value=\"aaret-2024\">&nbsp;&nbsp;&nbsp;2024<\/option>\n\t<option class=\"level-1\" value=\"2025\">&nbsp;&nbsp;&nbsp;2025<\/option>\n\t<option class=\"level-1\" value=\"2026-familieliv\">&nbsp;&nbsp;&nbsp;2026<\/option>\n\t<option class=\"level-0\" value=\"hus-og-have\">Hus og have<\/option>\n\t<option class=\"level-0\" value=\"interesser\">Interesser<\/option>\n\t<option class=\"level-1\" value=\"cykling\">&nbsp;&nbsp;&nbsp;Cykling<\/option>\n\t<option class=\"level-1\" value=\"skak\">&nbsp;&nbsp;&nbsp;Skak<\/option>\n\t<option class=\"level-0\" value=\"slaegtsregister\">Sl\u00e6gtsregister<\/option>\n\t<option class=\"level-0\" value=\"turen-gaar-til\">Turen g\u00e5r til<\/option>\n\t<option class=\"level-1\" value=\"2004\">&nbsp;&nbsp;&nbsp;2004<\/option>\n\t<option class=\"level-1\" value=\"2005\">&nbsp;&nbsp;&nbsp;2005<\/option>\n\t<option class=\"level-1\" value=\"usa-west\">&nbsp;&nbsp;&nbsp;2005<\/option>\n\t<option class=\"level-1\" value=\"2006\">&nbsp;&nbsp;&nbsp;2006<\/option>\n\t<option class=\"level-1\" value=\"2007\">&nbsp;&nbsp;&nbsp;2007<\/option>\n\t<option class=\"level-1\" value=\"2009\">&nbsp;&nbsp;&nbsp;2009<\/option>\n\t<option class=\"level-1\" value=\"2010\">&nbsp;&nbsp;&nbsp;2010<\/option>\n\t<option class=\"level-1\" value=\"cykeltur-i-pyrenaeerne\">&nbsp;&nbsp;&nbsp;2011<\/option>\n\t<option class=\"level-1\" value=\"2012\">&nbsp;&nbsp;&nbsp;2012<\/option>\n\t<option class=\"level-1\" value=\"2013\">&nbsp;&nbsp;&nbsp;2013<\/option>\n\t<option class=\"level-1\" value=\"2014\">&nbsp;&nbsp;&nbsp;2014<\/option>\n\t<option class=\"level-1\" value=\"2016\">&nbsp;&nbsp;&nbsp;2016<\/option>\n\t<option class=\"level-1\" value=\"turen-gaar-i-2017\">&nbsp;&nbsp;&nbsp;2017<\/option>\n\t<option class=\"level-1\" value=\"rejser-2018\">&nbsp;&nbsp;&nbsp;2018<\/option>\n\t<option class=\"level-1\" value=\"2019\">&nbsp;&nbsp;&nbsp;2019<\/option>\n\t<option class=\"level-1\" value=\"2021\">&nbsp;&nbsp;&nbsp;2021<\/option>\n\t<option class=\"level-1\" value=\"2023\">&nbsp;&nbsp;&nbsp;2023<\/option>\n\t<option class=\"level-1\" value=\"2024\">&nbsp;&nbsp;&nbsp;2024<\/option>\n\t<option class=\"level-1\" value=\"2025-turen-gaar-til\">&nbsp;&nbsp;&nbsp;2025<\/option>\n<\/select><script>\n( ( [ dropdownId, homeUrl ] ) => {\n\t\tconst dropdown = document.getElementById( dropdownId );\n\t\tfunction onSelectChange() {\n\t\t\tsetTimeout( () => {\n\t\t\t\tif ( 'escape' === dropdown.dataset.lastkey ) {\n\t\t\t\t\treturn;\n\t\t\t\t}\n\t\t\t\tif ( dropdown.value && dropdown instanceof HTMLSelectElement ) {\n\t\t\t\t\tconst url = new URL( homeUrl );\n\t\t\t\t\turl.searchParams.set( dropdown.name, dropdown.value );\n\t\t\t\t\tlocation.href = url.href;\n\t\t\t\t}\n\t\t\t}, 250 );\n\t\t}\n\t\tfunction onKeyUp( event ) {\n\t\t\tif ( 'Escape' === event.key ) {\n\t\t\t\tdropdown.dataset.lastkey = 'escape';\n\t\t\t} else {\n\t\t\t\tdelete dropdown.dataset.lastkey;\n\t\t\t}\n\t\t}\n\t\tfunction onClick() {\n\t\t\tdelete dropdown.dataset.lastkey;\n\t\t}\n\t\tdropdown.addEventListener( 'keyup', onKeyUp );\n\t\tdropdown.addEventListener( 'click', onClick );\n\t\tdropdown.addEventListener( 'change', onSelectChange );\n\t} )( [\"wp-block-categories-1\",\"https:\/\/e-lector.dk\/univers\"] );\n\/\/# sourceURL=build_dropdown_script_block_core_categories\n<\/script>\n\n<\/div>\n\n\n<p>Du kan ogs\u00e5 finde indl\u00e6g ved at g\u00e5 ud fra de tags der er tildelt de forskellige indl\u00e6g. Her er listen i alfabetisk orden:<\/p>\n\n\n<p class=\"wp-block-tag-cloud\"><a href=\"https:\/\/e-lector.dk\/univers\/?tag=andre-rieu\" class=\"tag-cloud-link tag-link-125 tag-link-position-1\" style=\"font-size: 8pt;\" aria-label=\"Andre Rieu (1 element)\">Andre Rieu<\/a>\n<a href=\"https:\/\/e-lector.dk\/univers\/?tag=berlin\" class=\"tag-cloud-link tag-link-113 tag-link-position-2\" style=\"font-size: 8pt;\" aria-label=\"Berlin (1 element)\">Berlin<\/a>\n<a href=\"https:\/\/e-lector.dk\/univers\/?tag=bornholm\" class=\"tag-cloud-link tag-link-78 tag-link-position-3\" style=\"font-size: 14.3pt;\" aria-label=\"Bornholm (2 elementer)\">Bornholm<\/a>\n<a href=\"https:\/\/e-lector.dk\/univers\/?tag=bratislava\" class=\"tag-cloud-link tag-link-105 tag-link-position-4\" style=\"font-size: 8pt;\" aria-label=\"Bratislava (1 element)\">Bratislava<\/a>\n<a href=\"https:\/\/e-lector.dk\/univers\/?tag=bulgarien\" class=\"tag-cloud-link tag-link-111 tag-link-position-5\" style=\"font-size: 8pt;\" aria-label=\"Bulgarien (1 element)\">Bulgarien<\/a>\n<a href=\"https:\/\/e-lector.dk\/univers\/?tag=corona\" class=\"tag-cloud-link tag-link-77 tag-link-position-6\" style=\"font-size: 14.3pt;\" aria-label=\"Corona (2 elementer)\">Corona<\/a>\n<a href=\"https:\/\/e-lector.dk\/univers\/?tag=cruise\" class=\"tag-cloud-link tag-link-114 tag-link-position-7\" style=\"font-size: 14.3pt;\" aria-label=\"Cruise (2 elementer)\">Cruise<\/a>\n<a href=\"https:\/\/e-lector.dk\/univers\/?tag=cv\" class=\"tag-cloud-link tag-link-126 tag-link-position-8\" style=\"font-size: 8pt;\" aria-label=\"CV (1 element)\">CV<\/a>\n<a href=\"https:\/\/e-lector.dk\/univers\/?tag=cykling\" class=\"tag-cloud-link tag-link-67 tag-link-position-9\" style=\"font-size: 22pt;\" aria-label=\"Cykling (4 elementer)\">Cykling<\/a>\n<a href=\"https:\/\/e-lector.dk\/univers\/?tag=gardasoeen\" class=\"tag-cloud-link tag-link-104 tag-link-position-10\" style=\"font-size: 8pt;\" aria-label=\"Gardas\u00f8en (1 element)\">Gardas\u00f8en<\/a>\n<a href=\"https:\/\/e-lector.dk\/univers\/?tag=hans\" class=\"tag-cloud-link tag-link-129 tag-link-position-11\" style=\"font-size: 8pt;\" aria-label=\"Hans (1 element)\">Hans<\/a>\n<a href=\"https:\/\/e-lector.dk\/univers\/?tag=indien\" class=\"tag-cloud-link tag-link-120 tag-link-position-12\" style=\"font-size: 8pt;\" aria-label=\"Indien (1 element)\">Indien<\/a>\n<a href=\"https:\/\/e-lector.dk\/univers\/?tag=isaberg\" class=\"tag-cloud-link tag-link-109 tag-link-position-13\" style=\"font-size: 8pt;\" aria-label=\"Isaberg (1 element)\">Isaberg<\/a>\n<a href=\"https:\/\/e-lector.dk\/univers\/?tag=italien\" class=\"tag-cloud-link tag-link-103 tag-link-position-14\" style=\"font-size: 8pt;\" aria-label=\"Italien (1 element)\">Italien<\/a>\n<a href=\"https:\/\/e-lector.dk\/univers\/?tag=jul\" class=\"tag-cloud-link tag-link-87 tag-link-position-15\" style=\"font-size: 14.3pt;\" aria-label=\"Jul (2 elementer)\">Jul<\/a>\n<a href=\"https:\/\/e-lector.dk\/univers\/?tag=klatring\" class=\"tag-cloud-link tag-link-123 tag-link-position-16\" style=\"font-size: 8pt;\" aria-label=\"Klatring (1 element)\">Klatring<\/a>\n<a href=\"https:\/\/e-lector.dk\/univers\/?tag=krakow\" class=\"tag-cloud-link tag-link-108 tag-link-position-17\" style=\"font-size: 8pt;\" aria-label=\"Krakow (1 element)\">Krakow<\/a>\n<a href=\"https:\/\/e-lector.dk\/univers\/?tag=krista\" class=\"tag-cloud-link tag-link-99 tag-link-position-18\" style=\"font-size: 14.3pt;\" aria-label=\"Krista (2 elementer)\">Krista<\/a>\n<a href=\"https:\/\/e-lector.dk\/univers\/?tag=legoland\" class=\"tag-cloud-link tag-link-110 tag-link-position-19\" style=\"font-size: 8pt;\" aria-label=\"Legoland (1 element)\">Legoland<\/a>\n<a href=\"https:\/\/e-lector.dk\/univers\/?tag=london\" class=\"tag-cloud-link tag-link-80 tag-link-position-20\" style=\"font-size: 8pt;\" aria-label=\"London (1 element)\">London<\/a>\n<a href=\"https:\/\/e-lector.dk\/univers\/?tag=malaga\" class=\"tag-cloud-link tag-link-101 tag-link-position-21\" style=\"font-size: 14.3pt;\" aria-label=\"Malaga (2 elementer)\">Malaga<\/a>\n<a href=\"https:\/\/e-lector.dk\/univers\/?tag=malta\" class=\"tag-cloud-link tag-link-106 tag-link-position-22\" style=\"font-size: 8pt;\" aria-label=\"Malta (1 element)\">Malta<\/a>\n<a href=\"https:\/\/e-lector.dk\/univers\/?tag=mastricht\" class=\"tag-cloud-link tag-link-124 tag-link-position-23\" style=\"font-size: 8pt;\" aria-label=\"Mastricht (1 element)\">Mastricht<\/a>\n<a href=\"https:\/\/e-lector.dk\/univers\/?tag=maya\" class=\"tag-cloud-link tag-link-33 tag-link-position-24\" style=\"font-size: 8pt;\" aria-label=\"Maya (1 element)\">Maya<\/a>\n<a href=\"https:\/\/e-lector.dk\/univers\/?tag=mexico\" class=\"tag-cloud-link tag-link-32 tag-link-position-25\" style=\"font-size: 8pt;\" aria-label=\"Mexico (1 element)\">Mexico<\/a>\n<a href=\"https:\/\/e-lector.dk\/univers\/?tag=mols\" class=\"tag-cloud-link tag-link-68 tag-link-position-26\" style=\"font-size: 8pt;\" aria-label=\"Mols (1 element)\">Mols<\/a>\n<a href=\"https:\/\/e-lector.dk\/univers\/?tag=new-york\" class=\"tag-cloud-link tag-link-118 tag-link-position-27\" style=\"font-size: 8pt;\" aria-label=\"New York (1 element)\">New York<\/a>\n<a href=\"https:\/\/e-lector.dk\/univers\/?tag=portugal\" class=\"tag-cloud-link tag-link-116 tag-link-position-28\" style=\"font-size: 8pt;\" aria-label=\"Portugal (1 element)\">Portugal<\/a>\n<a href=\"https:\/\/e-lector.dk\/univers\/?tag=sicilien\" class=\"tag-cloud-link tag-link-79 tag-link-position-29\" style=\"font-size: 8pt;\" aria-label=\"Sicilien (1 element)\">Sicilien<\/a>\n<a href=\"https:\/\/e-lector.dk\/univers\/?tag=simon\" class=\"tag-cloud-link tag-link-72 tag-link-position-30\" style=\"font-size: 14.3pt;\" aria-label=\"Simon (2 elementer)\">Simon<\/a>\n<a href=\"https:\/\/e-lector.dk\/univers\/?tag=skak\" class=\"tag-cloud-link tag-link-100 tag-link-position-31\" style=\"font-size: 8pt;\" aria-label=\"Skak (1 element)\">Skak<\/a>\n<a href=\"https:\/\/e-lector.dk\/univers\/?tag=skotland\" class=\"tag-cloud-link tag-link-117 tag-link-position-32\" style=\"font-size: 8pt;\" aria-label=\"Skotland (1 element)\">Skotland<\/a>\n<a href=\"https:\/\/e-lector.dk\/univers\/?tag=slaegt\" class=\"tag-cloud-link tag-link-102 tag-link-position-33\" style=\"font-size: 8pt;\" aria-label=\"Sl\u00e6gt (1 element)\">Sl\u00e6gt<\/a>\n<a href=\"https:\/\/e-lector.dk\/univers\/?tag=sofia\" class=\"tag-cloud-link tag-link-112 tag-link-position-34\" style=\"font-size: 8pt;\" aria-label=\"Sofia (1 element)\">Sofia<\/a>\n<a href=\"https:\/\/e-lector.dk\/univers\/?tag=terrasse\" class=\"tag-cloud-link tag-link-71 tag-link-position-35\" style=\"font-size: 14.3pt;\" aria-label=\"Terrasse (2 elementer)\">Terrasse<\/a>\n<a href=\"https:\/\/e-lector.dk\/univers\/?tag=the-west\" class=\"tag-cloud-link tag-link-121 tag-link-position-36\" style=\"font-size: 8pt;\" aria-label=\"The West (1 element)\">The West<\/a>\n<a href=\"https:\/\/e-lector.dk\/univers\/?tag=tjekkiet\" class=\"tag-cloud-link tag-link-115 tag-link-position-37\" style=\"font-size: 8pt;\" aria-label=\"Tjekkiet (1 element)\">Tjekkiet<\/a>\n<a href=\"https:\/\/e-lector.dk\/univers\/?tag=tyrkiet\" class=\"tag-cloud-link tag-link-122 tag-link-position-38\" style=\"font-size: 8pt;\" aria-label=\"Tyrkiet (1 element)\">Tyrkiet<\/a>\n<a href=\"https:\/\/e-lector.dk\/univers\/?tag=uddannelse\" class=\"tag-cloud-link tag-link-81 tag-link-position-39\" style=\"font-size: 14.3pt;\" aria-label=\"Uddannelse (2 elementer)\">Uddannelse<\/a>\n<a href=\"https:\/\/e-lector.dk\/univers\/?tag=udestue\" class=\"tag-cloud-link tag-link-69 tag-link-position-40\" style=\"font-size: 8pt;\" aria-label=\"Udestue (1 element)\">Udestue<\/a>\n<a href=\"https:\/\/e-lector.dk\/univers\/?tag=udhus\" class=\"tag-cloud-link tag-link-70 tag-link-position-41\" style=\"font-size: 8pt;\" aria-label=\"Udhus (1 element)\">Udhus<\/a>\n<a href=\"https:\/\/e-lector.dk\/univers\/?tag=usa\" class=\"tag-cloud-link tag-link-36 tag-link-position-42\" style=\"font-size: 14.3pt;\" aria-label=\"USA (2 elementer)\">USA<\/a>\n<a href=\"https:\/\/e-lector.dk\/univers\/?tag=washington\" class=\"tag-cloud-link tag-link-119 tag-link-position-43\" style=\"font-size: 8pt;\" aria-label=\"Washington (1 element)\">Washington<\/a>\n<a href=\"https:\/\/e-lector.dk\/univers\/?tag=zagreb\" class=\"tag-cloud-link tag-link-18 tag-link-position-44\" style=\"font-size: 8pt;\" aria-label=\"Zagreb (1 element)\">Zagreb<\/a>\n<a href=\"https:\/\/e-lector.dk\/univers\/?tag=aegypten\" class=\"tag-cloud-link tag-link-127 tag-link-position-45\" style=\"font-size: 8pt;\" aria-label=\"\u00c6gypten (1 element)\">\u00c6gypten<\/a><\/p><\/div>\n<\/div>\n\n\n\n<figure class=\"wp-block-audio\"><audio controls src=\"https:\/\/e-lector.dk\/wp-content\/uploads\/2026\/01\/Lost-in-dandelions-first-bounce.wav\" autoplay loop><\/audio><\/figure>\n","protected":false},"excerpt":{"rendered":"<p>M\u00e5 jeg starte med at pr\u00e6sentere mig selv: Jens Mikael Barfred. P\u00e5 sitet &#8216;e-lector.dk&#8217; ser du en beskrivelse af mit univers. Her kan du l\u00e6se om hvad dagligdagen indeholder. Her er lidt (og det bliver mindre og mindre) om mit tidligere arbejdsliv, hus og have, familie, interesser og ture rundt i verden. Det er klart [&hellip;]<\/p>\n","protected":false},"author":1,"featured_media":0,"parent":0,"menu_order":0,"comment_status":"closed","ping_status":"closed","template":"","meta":{"footnotes":""},"class_list":["post-74","page","type-page","status-publish","hentry"],"_links":{"self":[{"href":"https:\/\/e-lector.dk\/univers\/index.php?rest_route=\/wp\/v2\/pages\/74","targetHints":{"allow":["GET"]}}],"collection":[{"href":"https:\/\/e-lector.dk\/univers\/index.php?rest_route=\/wp\/v2\/pages"}],"about":[{"href":"https:\/\/e-lector.dk\/univers\/index.php?rest_route=\/wp\/v2\/types\/page"}],"author":[{"embeddable":true,"href":"https:\/\/e-lector.dk\/univers\/index.php?rest_route=\/wp\/v2\/users\/1"}],"replies":[{"embeddable":true,"href":"https:\/\/e-lector.dk\/univers\/index.php?rest_route=%2Fwp%2Fv2%2Fcomments&post=74"}],"version-history":[{"count":28,"href":"https:\/\/e-lector.dk\/univers\/index.php?rest_route=\/wp\/v2\/pages\/74\/revisions"}],"predecessor-version":[{"id":2445,"href":"https:\/\/e-lector.dk\/univers\/index.php?rest_route=\/wp\/v2\/pages\/74\/revisions\/2445"}],"wp:attachment":[{"href":"https:\/\/e-lector.dk\/univers\/index.php?rest_route=%2Fwp%2Fv2%2Fmedia&parent=74"}],"curies":[{"name":"wp","href":"https:\/\/api.w.org\/{rel}","templated":true}]}}