{"id":2152,"date":"2025-12-18T16:14:15","date_gmt":"2025-12-18T15:14:15","guid":{"rendered":"https:\/\/staging.e-lector.dk\/univers\/?page_id=2152"},"modified":"2026-04-03T10:40:54","modified_gmt":"2026-04-03T08:40:54","slug":"mit-forbrug","status":"publish","type":"page","link":"https:\/\/e-lector.dk\/univers\/?page_id=2152","title":{"rendered":"Mit forbrug"},"content":{"rendered":"\n<p>I programmet &#8220;Mit forbrug&#8221; indtastes el og vand forbruget og herefter beregnes forbrug og en cirka pris. Der er tre udgaver af programmet. Den ene er en c# applikation som skal installeres p\u00e5 pc. Den anden er en php-version der ligger p\u00e5 nettet. Der er her link til den p\u00e5 nettet: <a href=\"http:\/\/e-lector.dk\/wp-content\/Mitforbrug\/index.php\">Mit forbrug<\/a><\/p>\n\n\n\n<p>For at blive klogere p\u00e5 mobil-apps har jeg arbejdet med en udgave til mobil\/tablet. Det er blevet til en adroid-version. Jeg gider ikke iphone, derfor. Den er testet p\u00e5 en Nokia 5.3 og en Samsung A16. Du henter installationsfilen <a href=\"http:\/\/e-lector.dk\/wp-content\/Mitforbrug\/app-release.apk\">her<\/a>. L\u00e6g den i din telefons Download mappe, derfra kan du installere den ved at klikke p\u00e5 filen. Den hedder app-release.apk. Det nemmeste er nok at tilg\u00e5 fra denne side. Bem\u00e6rk lige at bruge du din mobil skal du holde fingeren p\u00e5 linket, s\u00e5 f\u00e5r du download valget. Det er ikke nok at klikke p\u00e5 linket!<\/p>\n\n\n\n<p><\/p>\n","protected":false},"excerpt":{"rendered":"<p>I programmet &#8220;Mit forbrug&#8221; indtastes el og vand forbruget og herefter beregnes forbrug og en cirka pris. Der er tre udgaver af programmet. Den ene er en c# applikation som skal installeres p\u00e5 pc. Den anden er en php-version der ligger p\u00e5 nettet. Der er her link til den p\u00e5 nettet: Mit forbrug For at [&hellip;]<\/p>\n","protected":false},"author":1,"featured_media":0,"parent":0,"menu_order":0,"comment_status":"closed","ping_status":"closed","template":"","meta":{"footnotes":""},"class_list":["post-2152","page","type-page","status-publish","hentry"],"_links":{"self":[{"href":"https:\/\/e-lector.dk\/univers\/index.php?rest_route=\/wp\/v2\/pages\/2152","targetHints":{"allow":["GET"]}}],"collection":[{"href":"https:\/\/e-lector.dk\/univers\/index.php?rest_route=\/wp\/v2\/pages"}],"about":[{"href":"https:\/\/e-lector.dk\/univers\/index.php?rest_route=\/wp\/v2\/types\/page"}],"author":[{"embeddable":true,"href":"https:\/\/e-lector.dk\/univers\/index.php?rest_route=\/wp\/v2\/users\/1"}],"replies":[{"embeddable":true,"href":"https:\/\/e-lector.dk\/univers\/index.php?rest_route=%2Fwp%2Fv2%2Fcomments&post=2152"}],"version-history":[{"count":12,"href":"https:\/\/e-lector.dk\/univers\/index.php?rest_route=\/wp\/v2\/pages\/2152\/revisions"}],"predecessor-version":[{"id":2486,"href":"https:\/\/e-lector.dk\/univers\/index.php?rest_route=\/wp\/v2\/pages\/2152\/revisions\/2486"}],"wp:attachment":[{"href":"https:\/\/e-lector.dk\/univers\/index.php?rest_route=%2Fwp%2Fv2%2Fmedia&parent=2152"}],"curies":[{"name":"wp","href":"https:\/\/api.w.org\/{rel}","templated":true}]}}