{"id":2099,"date":"2025-12-17T09:34:21","date_gmt":"2025-12-17T08:34:21","guid":{"rendered":"https:\/\/staging.e-lector.dk\/univers\/?page_id=2099"},"modified":"2025-12-18T09:29:00","modified_gmt":"2025-12-18T08:29:00","slug":"slaegt","status":"publish","type":"page","link":"https:\/\/e-lector.dk\/univers\/?page_id=2099","title":{"rendered":"Sl\u00e6gt"},"content":{"rendered":"\n<p>Link til familien Barfreds sl\u00e6gtsregister, som er udarbejdet og vedligeholdt af Sven L\u00f6nnquist:<br><a href=\"http:\/\/www.lonnquist.info\/geneal\/\" target=\"_blank\" rel=\"noreferrer noopener\">Barfred sl\u00e6gtsregister<\/a><\/p>\n","protected":false},"excerpt":{"rendered":"<p>Link til familien Barfreds sl\u00e6gtsregister, som er udarbejdet og vedligeholdt af Sven L\u00f6nnquist:Barfred sl\u00e6gtsregister<\/p>\n","protected":false},"author":1,"featured_media":0,"parent":0,"menu_order":0,"comment_status":"closed","ping_status":"closed","template":"","meta":{"footnotes":""},"class_list":["post-2099","page","type-page","status-publish","hentry"],"_links":{"self":[{"href":"https:\/\/e-lector.dk\/univers\/index.php?rest_route=\/wp\/v2\/pages\/2099","targetHints":{"allow":["GET"]}}],"collection":[{"href":"https:\/\/e-lector.dk\/univers\/index.php?rest_route=\/wp\/v2\/pages"}],"about":[{"href":"https:\/\/e-lector.dk\/univers\/index.php?rest_route=\/wp\/v2\/types\/page"}],"author":[{"embeddable":true,"href":"https:\/\/e-lector.dk\/univers\/index.php?rest_route=\/wp\/v2\/users\/1"}],"replies":[{"embeddable":true,"href":"https:\/\/e-lector.dk\/univers\/index.php?rest_route=%2Fwp%2Fv2%2Fcomments&post=2099"}],"version-history":[{"count":4,"href":"https:\/\/e-lector.dk\/univers\/index.php?rest_route=\/wp\/v2\/pages\/2099\/revisions"}],"predecessor-version":[{"id":2151,"href":"https:\/\/e-lector.dk\/univers\/index.php?rest_route=\/wp\/v2\/pages\/2099\/revisions\/2151"}],"wp:attachment":[{"href":"https:\/\/e-lector.dk\/univers\/index.php?rest_route=%2Fwp%2Fv2%2Fmedia&parent=2099"}],"curies":[{"name":"wp","href":"https:\/\/api.w.org\/{rel}","templated":true}]}}