{"id":1935,"date":"2025-12-09T17:39:09","date_gmt":"2025-12-09T16:39:09","guid":{"rendered":"https:\/\/staging.e-lector.dk\/univers\/?page_id=1935"},"modified":"2026-01-03T12:34:45","modified_gmt":"2026-01-03T11:34:45","slug":"familie","status":"publish","type":"page","link":"https:\/\/e-lector.dk\/univers\/?page_id=1935","title":{"rendered":"Familie"},"content":{"rendered":"\n<p>Selvf\u00f8lgelig betyder familie mere og mere, jo l\u00e6ngere du kommer ind i pensionist-livet.  Derfor er der en kategori &#8220;Familie&#8221;. Der kan du l\u00e6se om hvordan hverdagen ser ud for os.<\/p>\n\n\n\n<figure class=\"wp-block-image size-full has-custom-border is-style-rounded is-style-rounded--1\"><a href=\"https:\/\/e-lector.dk\/wp-content\/uploads\/2020\/09\/Simon8.png\"><img loading=\"lazy\" decoding=\"async\" width=\"567\" height=\"231\" src=\"https:\/\/e-lector.dk\/wp-content\/uploads\/2020\/09\/Simon8.png\" alt=\"\" class=\"has-border-color has-contrast-border-color wp-image-1031\" srcset=\"https:\/\/e-lector.dk\/wp-content\/uploads\/2020\/09\/Simon8.png 567w, https:\/\/e-lector.dk\/wp-content\/uploads\/2020\/09\/Simon8-300x122.png 300w\" sizes=\"auto, (max-width: 567px) 100vw, 567px\" \/><\/a><figcaption class=\"wp-element-caption\">Else-Marie, Jakob, Johanne, Arne, Simon og Mathias<\/figcaption><\/figure>\n\n\n\n<p>Kig videre i familiens historie ved at v\u00e6lge fra kategorilisten herunder:<\/p>\n\n\n<div class=\"wp-block-categories-dropdown wp-block-categories\"><label class=\"wp-block-categories__label\" for=\"wp-block-categories-1\">Kategorier<\/label><select  name='category_name' id='wp-block-categories-1' class='postform'>\n\t<option value='-1'>V\u00e6lg Kategori<\/option>\n\t<option class=\"level-0\" value=\"arbejdsliv\">Arbejdsliv<\/option>\n\t<option class=\"level-0\" value=\"familieliv\">Familieliv<\/option>\n\t<option class=\"level-1\" value=\"2018\">&nbsp;&nbsp;&nbsp;2018<\/option>\n\t<option class=\"level-1\" value=\"2019-familieliv\">&nbsp;&nbsp;&nbsp;2019<\/option>\n\t<option class=\"level-1\" value=\"2020-familieliv\">&nbsp;&nbsp;&nbsp;2020<\/option>\n\t<option class=\"level-1\" value=\"2021-familieliv\">&nbsp;&nbsp;&nbsp;2021<\/option>\n\t<option class=\"level-1\" value=\"2022\">&nbsp;&nbsp;&nbsp;2022<\/option>\n\t<option class=\"level-1\" value=\"aaret-2023\">&nbsp;&nbsp;&nbsp;2023<\/option>\n\t<option class=\"level-1\" value=\"aaret-2024\">&nbsp;&nbsp;&nbsp;2024<\/option>\n\t<option class=\"level-1\" value=\"2025\">&nbsp;&nbsp;&nbsp;2025<\/option>\n\t<option class=\"level-1\" value=\"2026-familieliv\">&nbsp;&nbsp;&nbsp;2026<\/option>\n\t<option class=\"level-0\" value=\"hus-og-have\">Hus og have<\/option>\n\t<option class=\"level-0\" value=\"interesser\">Interesser<\/option>\n\t<option class=\"level-1\" value=\"cykling\">&nbsp;&nbsp;&nbsp;Cykling<\/option>\n\t<option class=\"level-1\" value=\"skak\">&nbsp;&nbsp;&nbsp;Skak<\/option>\n\t<option class=\"level-0\" value=\"slaegtsregister\">Sl\u00e6gtsregister<\/option>\n\t<option class=\"level-0\" value=\"turen-gaar-til\">Turen g\u00e5r til<\/option>\n\t<option class=\"level-1\" value=\"2004\">&nbsp;&nbsp;&nbsp;2004<\/option>\n\t<option class=\"level-1\" value=\"usa-west\">&nbsp;&nbsp;&nbsp;2005<\/option>\n\t<option class=\"level-1\" value=\"2005\">&nbsp;&nbsp;&nbsp;2005<\/option>\n\t<option class=\"level-1\" value=\"2006\">&nbsp;&nbsp;&nbsp;2006<\/option>\n\t<option class=\"level-1\" value=\"2007\">&nbsp;&nbsp;&nbsp;2007<\/option>\n\t<option class=\"level-1\" value=\"2009\">&nbsp;&nbsp;&nbsp;2009<\/option>\n\t<option class=\"level-1\" value=\"2010\">&nbsp;&nbsp;&nbsp;2010<\/option>\n\t<option class=\"level-1\" value=\"cykeltur-i-pyrenaeerne\">&nbsp;&nbsp;&nbsp;2011<\/option>\n\t<option class=\"level-1\" value=\"2012\">&nbsp;&nbsp;&nbsp;2012<\/option>\n\t<option class=\"level-1\" value=\"2013\">&nbsp;&nbsp;&nbsp;2013<\/option>\n\t<option class=\"level-1\" value=\"2014\">&nbsp;&nbsp;&nbsp;2014<\/option>\n\t<option class=\"level-1\" value=\"2016\">&nbsp;&nbsp;&nbsp;2016<\/option>\n\t<option class=\"level-1\" value=\"turen-gaar-i-2017\">&nbsp;&nbsp;&nbsp;2017<\/option>\n\t<option class=\"level-1\" value=\"rejser-2018\">&nbsp;&nbsp;&nbsp;2018<\/option>\n\t<option class=\"level-1\" value=\"2019\">&nbsp;&nbsp;&nbsp;2019<\/option>\n\t<option class=\"level-1\" value=\"2021\">&nbsp;&nbsp;&nbsp;2021<\/option>\n\t<option class=\"level-1\" value=\"2023\">&nbsp;&nbsp;&nbsp;2023<\/option>\n\t<option class=\"level-1\" value=\"2024\">&nbsp;&nbsp;&nbsp;2024<\/option>\n\t<option class=\"level-1\" value=\"2025-turen-gaar-til\">&nbsp;&nbsp;&nbsp;2025<\/option>\n<\/select><script>\n( ( [ dropdownId, homeUrl ] ) => {\n\t\tconst dropdown = document.getElementById( dropdownId );\n\t\tfunction onSelectChange() {\n\t\t\tsetTimeout( () => {\n\t\t\t\tif ( 'escape' === dropdown.dataset.lastkey ) {\n\t\t\t\t\treturn;\n\t\t\t\t}\n\t\t\t\tif ( dropdown.value && dropdown instanceof HTMLSelectElement ) {\n\t\t\t\t\tconst url = new URL( homeUrl );\n\t\t\t\t\turl.searchParams.set( dropdown.name, dropdown.value );\n\t\t\t\t\tlocation.href = url.href;\n\t\t\t\t}\n\t\t\t}, 250 );\n\t\t}\n\t\tfunction onKeyUp( event ) {\n\t\t\tif ( 'Escape' === event.key ) {\n\t\t\t\tdropdown.dataset.lastkey = 'escape';\n\t\t\t} else {\n\t\t\t\tdelete dropdown.dataset.lastkey;\n\t\t\t}\n\t\t}\n\t\tfunction onClick() {\n\t\t\tdelete dropdown.dataset.lastkey;\n\t\t}\n\t\tdropdown.addEventListener( 'keyup', onKeyUp );\n\t\tdropdown.addEventListener( 'click', onClick );\n\t\tdropdown.addEventListener( 'change', onSelectChange );\n\t} )( [\"wp-block-categories-1\",\"https:\/\/e-lector.dk\/univers\"] );\n\/\/# sourceURL=build_dropdown_script_block_core_categories\n<\/script>\n\n<\/div>","protected":false},"excerpt":{"rendered":"<p>Selvf\u00f8lgelig betyder familie mere og mere, jo l\u00e6ngere du kommer ind i pensionist-livet. Derfor er der en kategori &#8220;Familie&#8221;. Der kan du l\u00e6se om hvordan hverdagen ser ud for os. Kig videre i familiens historie ved at v\u00e6lge fra kategorilisten herunder:<\/p>\n","protected":false},"author":1,"featured_media":0,"parent":0,"menu_order":0,"comment_status":"closed","ping_status":"closed","template":"","meta":{"footnotes":""},"class_list":["post-1935","page","type-page","status-publish","hentry"],"_links":{"self":[{"href":"https:\/\/e-lector.dk\/univers\/index.php?rest_route=\/wp\/v2\/pages\/1935","targetHints":{"allow":["GET"]}}],"collection":[{"href":"https:\/\/e-lector.dk\/univers\/index.php?rest_route=\/wp\/v2\/pages"}],"about":[{"href":"https:\/\/e-lector.dk\/univers\/index.php?rest_route=\/wp\/v2\/types\/page"}],"author":[{"embeddable":true,"href":"https:\/\/e-lector.dk\/univers\/index.php?rest_route=\/wp\/v2\/users\/1"}],"replies":[{"embeddable":true,"href":"https:\/\/e-lector.dk\/univers\/index.php?rest_route=%2Fwp%2Fv2%2Fcomments&post=1935"}],"version-history":[{"count":6,"href":"https:\/\/e-lector.dk\/univers\/index.php?rest_route=\/wp\/v2\/pages\/1935\/revisions"}],"predecessor-version":[{"id":2285,"href":"https:\/\/e-lector.dk\/univers\/index.php?rest_route=\/wp\/v2\/pages\/1935\/revisions\/2285"}],"wp:attachment":[{"href":"https:\/\/e-lector.dk\/univers\/index.php?rest_route=%2Fwp%2Fv2%2Fmedia&parent=1935"}],"curies":[{"name":"wp","href":"https:\/\/api.w.org\/{rel}","templated":true}]}}