{"id":1931,"date":"2025-12-09T17:34:11","date_gmt":"2025-12-09T16:34:11","guid":{"rendered":"https:\/\/staging.e-lector.dk\/univers\/?page_id=1931"},"modified":"2025-12-19T18:05:33","modified_gmt":"2025-12-19T17:05:33","slug":"arbejdsliv","status":"publish","type":"page","link":"https:\/\/e-lector.dk\/univers\/?page_id=1931","title":{"rendered":"Arbejdsliv"},"content":{"rendered":"\n<p>Arbejdslivet fylder mindre og mindre. Hvor mon det? Den gode forklaring er at det i tids afstand kommer l\u00e6ngere og l\u00e6ngere v\u00e6k, nu kigger jeg ikke l\u00e6ngere mod n\u00e6ste job, nu kigger jeg mod n\u00e6ste jul.<\/p>\n\n\n\n<p>Du kan ogs\u00e5 l\u00e6se mit korte cv her:<a href=\"https:\/\/e-lector.dk\/univers\/?p=76\" data-type=\"post\" data-id=\"76\"> Det korte cv<\/a><\/p>\n\n\n\n<p>Om min uddannelse kan du l\u00e6se her: <a href=\"https:\/\/e-lector.dk\/univers\/?p=2176\" data-type=\"post\" data-id=\"2176\">Uddannelse<\/a><\/p>\n","protected":false},"excerpt":{"rendered":"<p>Arbejdslivet fylder mindre og mindre. Hvor mon det? Den gode forklaring er at det i tids afstand kommer l\u00e6ngere og l\u00e6ngere v\u00e6k, nu kigger jeg ikke l\u00e6ngere mod n\u00e6ste job, nu kigger jeg mod n\u00e6ste jul. Du kan ogs\u00e5 l\u00e6se mit korte cv her: Det korte cv Om min uddannelse kan du l\u00e6se her: Uddannelse<\/p>\n","protected":false},"author":1,"featured_media":0,"parent":0,"menu_order":0,"comment_status":"closed","ping_status":"closed","template":"","meta":{"footnotes":""},"class_list":["post-1931","page","type-page","status-publish","hentry"],"_links":{"self":[{"href":"https:\/\/e-lector.dk\/univers\/index.php?rest_route=\/wp\/v2\/pages\/1931","targetHints":{"allow":["GET"]}}],"collection":[{"href":"https:\/\/e-lector.dk\/univers\/index.php?rest_route=\/wp\/v2\/pages"}],"about":[{"href":"https:\/\/e-lector.dk\/univers\/index.php?rest_route=\/wp\/v2\/types\/page"}],"author":[{"embeddable":true,"href":"https:\/\/e-lector.dk\/univers\/index.php?rest_route=\/wp\/v2\/users\/1"}],"replies":[{"embeddable":true,"href":"https:\/\/e-lector.dk\/univers\/index.php?rest_route=%2Fwp%2Fv2%2Fcomments&post=1931"}],"version-history":[{"count":6,"href":"https:\/\/e-lector.dk\/univers\/index.php?rest_route=\/wp\/v2\/pages\/1931\/revisions"}],"predecessor-version":[{"id":2440,"href":"https:\/\/e-lector.dk\/univers\/index.php?rest_route=\/wp\/v2\/pages\/1931\/revisions\/2440"}],"wp:attachment":[{"href":"https:\/\/e-lector.dk\/univers\/index.php?rest_route=%2Fwp%2Fv2%2Fmedia&parent=1931"}],"curies":[{"name":"wp","href":"https:\/\/api.w.org\/{rel}","templated":true}]}}