{"id":152,"date":"2016-09-20T20:40:54","date_gmt":"2016-09-20T18:40:54","guid":{"rendered":"https:\/\/e-lector.dk\/?page_id=152"},"modified":"2025-12-22T17:08:01","modified_gmt":"2025-12-22T16:08:01","slug":"cykelrejser","status":"publish","type":"page","link":"https:\/\/e-lector.dk\/univers\/?page_id=152","title":{"rendered":"Cykling"},"content":{"rendered":"\n<p>Siden 2010 har jeg v\u00e6ret p\u00e5 en del cykelrejser til Alperne og Pyren\u00e6erne. Det er der kommet nogle videoer ud af.&nbsp; De kan ses under <em>Turen g\u00e5r til<\/em> og \u00e5rstallet.<\/p>\n\n\n\n<p>Lige nu best\u00e5r cykling af ture med cafe 60+, tirsdag og torsdag, hele \u00e5ret.<\/p>\n\n\n\n<p>Jeg har ogs\u00e5 lavet et lille program der handler om den fysiske anstrengelse ved cykling i bjerge. Det er <a href=\"https:\/\/e-lector.dk\/wp-content\/Myphp\/index.php\">her<\/a>.<\/p>\n\n\n\n<p>Jeg synes ogs\u00e5 du skal se min fine cykeltr\u00f8jer fra <a href=\"https:\/\/e-lector.dk\/univers\/?p=1871\" data-type=\"post\" data-id=\"1871\">bjergturene.<\/a><\/p>\n\n\n\n<p><\/p>\n","protected":false},"excerpt":{"rendered":"<p>Siden 2010 har jeg v\u00e6ret p\u00e5 en del cykelrejser til Alperne og Pyren\u00e6erne. Det er der kommet nogle videoer ud af.&nbsp; De kan ses under Turen g\u00e5r til og \u00e5rstallet. Lige nu best\u00e5r cykling af ture med cafe 60+, tirsdag og torsdag, hele \u00e5ret. Jeg har ogs\u00e5 lavet et lille program der handler om den [&hellip;]<\/p>\n","protected":false},"author":1,"featured_media":0,"parent":0,"menu_order":0,"comment_status":"closed","ping_status":"closed","template":"","meta":{"footnotes":""},"class_list":["post-152","page","type-page","status-publish","hentry"],"_links":{"self":[{"href":"https:\/\/e-lector.dk\/univers\/index.php?rest_route=\/wp\/v2\/pages\/152","targetHints":{"allow":["GET"]}}],"collection":[{"href":"https:\/\/e-lector.dk\/univers\/index.php?rest_route=\/wp\/v2\/pages"}],"about":[{"href":"https:\/\/e-lector.dk\/univers\/index.php?rest_route=\/wp\/v2\/types\/page"}],"author":[{"embeddable":true,"href":"https:\/\/e-lector.dk\/univers\/index.php?rest_route=\/wp\/v2\/users\/1"}],"replies":[{"embeddable":true,"href":"https:\/\/e-lector.dk\/univers\/index.php?rest_route=%2Fwp%2Fv2%2Fcomments&post=152"}],"version-history":[{"count":14,"href":"https:\/\/e-lector.dk\/univers\/index.php?rest_route=\/wp\/v2\/pages\/152\/revisions"}],"predecessor-version":[{"id":2211,"href":"https:\/\/e-lector.dk\/univers\/index.php?rest_route=\/wp\/v2\/pages\/152\/revisions\/2211"}],"wp:attachment":[{"href":"https:\/\/e-lector.dk\/univers\/index.php?rest_route=%2Fwp%2Fv2%2Fmedia&parent=152"}],"curies":[{"name":"wp","href":"https:\/\/api.w.org\/{rel}","templated":true}]}}