{"id":1082,"date":"2021-02-13T18:18:52","date_gmt":"2021-02-13T17:18:52","guid":{"rendered":"https:\/\/e-lector.dk\/?page_id=1082"},"modified":"2026-01-05T17:26:05","modified_gmt":"2026-01-05T16:26:05","slug":"programmerings-videoer","status":"publish","type":"page","link":"https:\/\/e-lector.dk\/univers\/?page_id=1082","title":{"rendered":"Programmering"},"content":{"rendered":"\n<p>P\u00e5 denne side kan du se forskellige programmer jeg har lavet. Fx Mit forbrug og Ordhjulet. Der er ogs\u00e5 et antal videoer om grundl\u00e6ggende programmering i C#. Klik dig videre!<\/p>\n\n\n\n<p class=\"has-text-color has-link-color wp-elements-e9050bfaee4fb477b0b46b82e1ca9511\" style=\"color:#3f3e75\"><a href=\"https:\/\/e-lector.dk\/univers\/?page_id=2154\" data-type=\"page\" data-id=\"2154\">Videoer<\/a><\/p>\n\n\n\n<p class=\"has-text-color has-link-color wp-elements-40b9f63f93eddeb7cc65b0b3a3b4c079\" style=\"color:#3f3e75\"><a href=\"https:\/\/e-lector.dk\/univers\/?page_id=2152\" data-type=\"page\" data-id=\"2152\">Mit forbrug<\/a><\/p>\n\n\n\n<p class=\"has-text-color has-link-color wp-elements-4dfd10d366892c8e6e76f6cabe3c81fc\" style=\"color:#3f3e75\"><a href=\"https:\/\/e-lector.dk\/univers\/?page_id=1605\" data-type=\"page\" data-id=\"1605\">Ordhjulet<\/a><\/p>\n\n\n\n<p><\/p>\n","protected":false},"excerpt":{"rendered":"<p>P\u00e5 denne side kan du se forskellige programmer jeg har lavet. Fx Mit forbrug og Ordhjulet. Der er ogs\u00e5 et antal videoer om grundl\u00e6ggende programmering i C#. Klik dig videre! Videoer Mit forbrug Ordhjulet<\/p>\n","protected":false},"author":1,"featured_media":0,"parent":0,"menu_order":0,"comment_status":"closed","ping_status":"closed","template":"","meta":{"footnotes":""},"class_list":["post-1082","page","type-page","status-publish","hentry"],"_links":{"self":[{"href":"https:\/\/e-lector.dk\/univers\/index.php?rest_route=\/wp\/v2\/pages\/1082","targetHints":{"allow":["GET"]}}],"collection":[{"href":"https:\/\/e-lector.dk\/univers\/index.php?rest_route=\/wp\/v2\/pages"}],"about":[{"href":"https:\/\/e-lector.dk\/univers\/index.php?rest_route=\/wp\/v2\/types\/page"}],"author":[{"embeddable":true,"href":"https:\/\/e-lector.dk\/univers\/index.php?rest_route=\/wp\/v2\/users\/1"}],"replies":[{"embeddable":true,"href":"https:\/\/e-lector.dk\/univers\/index.php?rest_route=%2Fwp%2Fv2%2Fcomments&post=1082"}],"version-history":[{"count":6,"href":"https:\/\/e-lector.dk\/univers\/index.php?rest_route=\/wp\/v2\/pages\/1082\/revisions"}],"predecessor-version":[{"id":2339,"href":"https:\/\/e-lector.dk\/univers\/index.php?rest_route=\/wp\/v2\/pages\/1082\/revisions\/2339"}],"wp:attachment":[{"href":"https:\/\/e-lector.dk\/univers\/index.php?rest_route=%2Fwp%2Fv2%2Fmedia&parent=1082"}],"curies":[{"name":"wp","href":"https:\/\/api.w.org\/{rel}","templated":true}]}}